{"id":1672,"date":"2024-01-26T17:51:20","date_gmt":"2024-01-26T17:51:20","guid":{"rendered":"https:\/\/to-dodesign.com\/aviso-legal\/"},"modified":"2024-04-05T11:11:40","modified_gmt":"2024-04-05T11:11:40","slug":"legal-notice","status":"publish","type":"page","link":"https:\/\/to-dodesign.com\/en\/legal-notice\/","title":{"rendered":"Legal notice"},"content":{"rendered":"\t\t<div data-elementor-type=\"wp-page\" data-elementor-id=\"1672\" class=\"elementor elementor-1672 elementor-49\" data-elementor-post-type=\"page\">\n\t\t\t\t\t\t\t\t\t<section class=\"elementor-section elementor-top-section elementor-element elementor-element-3a000dd elementor-section-boxed elementor-section-height-default elementor-section-height-default\" data-id=\"3a000dd\" data-element_type=\"section\">\n\t\t\t\t\t\t<div class=\"elementor-container elementor-column-gap-wide\">\n\t\t\t\t\t<div class=\"elementor-column elementor-col-100 elementor-top-column elementor-element elementor-element-d6ca44c\" data-id=\"d6ca44c\" data-element_type=\"column\">\n\t\t\t<div class=\"elementor-widget-wrap elementor-element-populated\">\n\t\t\t\t\t\t\t\t<div class=\"elementor-element elementor-element-edbee5a elementor-widget elementor-widget-heading\" data-id=\"edbee5a\" data-element_type=\"widget\" data-widget_type=\"heading.default\">\n\t\t\t\t<div class=\"elementor-widget-container\">\n\t\t\t<style>\/*! elementor - v3.18.0 - 20-12-2023 *\/\n.elementor-heading-title{padding:0;margin:0;line-height:1}.elementor-widget-heading .elementor-heading-title[class*=elementor-size-]>a{color:inherit;font-size:inherit;line-height:inherit}.elementor-widget-heading .elementor-heading-title.elementor-size-small{font-size:15px}.elementor-widget-heading .elementor-heading-title.elementor-size-medium{font-size:19px}.elementor-widget-heading .elementor-heading-title.elementor-size-large{font-size:29px}.elementor-widget-heading .elementor-heading-title.elementor-size-xl{font-size:39px}.elementor-widget-heading .elementor-heading-title.elementor-size-xxl{font-size:59px}<\/style><h2 class=\"elementor-heading-title elementor-size-default\">Legal notice<\/h2>\t\t<\/div>\n\t\t\t\t<\/div>\n\t\t\t\t<div class=\"elementor-element elementor-element-54674d6 elementor-widget elementor-widget-text-editor\" data-id=\"54674d6\" data-element_type=\"widget\" data-widget_type=\"text-editor.default\">\n\t\t\t\t<div class=\"elementor-widget-container\">\n\t\t\t<style>\/*! elementor - v3.18.0 - 20-12-2023 *\/\n.elementor-widget-text-editor.elementor-drop-cap-view-stacked .elementor-drop-cap{background-color:#69727d;color:#fff}.elementor-widget-text-editor.elementor-drop-cap-view-framed .elementor-drop-cap{color:#69727d;border:3px solid;background-color:transparent}.elementor-widget-text-editor:not(.elementor-drop-cap-view-default) .elementor-drop-cap{margin-top:8px}.elementor-widget-text-editor:not(.elementor-drop-cap-view-default) .elementor-drop-cap-letter{width:1em;height:1em}.elementor-widget-text-editor .elementor-drop-cap{float:left;text-align:center;line-height:1;font-size:50px}.elementor-widget-text-editor .elementor-drop-cap-letter{display:inline-block}<\/style>\t\t\t\t<p lang=\"de-DE\"><strong>INTRODUCCI\u00d3N<\/strong><\/p><p lang=\"de-DE\"><span lang=\"es-ES-u-co-trad\">En cumplimiento de la Ley 34\/2002, de 11 de julio, de Servicios de la Sociedad de la Informaci\u00f3n y de Comercio Electr\u00f3<\/span>nico (LSSI-CE), <span lang=\"es-ES-u-co-trad\">Victoria de Pereda<\/span><span lang=\"es-ES-u-co-trad\"> informa que es titular del sitio web. De acuerdo con la exigencia del art<\/span>\u00ed<span lang=\"es-ES-u-co-trad\">culo 10 de la citada Ley, <\/span><span lang=\"es-ES-u-co-trad\">Victoria de Pereda<\/span><span lang=\"es-ES-u-co-trad\"> informa de los siguientes datos: <\/span><\/p><p lang=\"de-DE\">RAZ<span lang=\"es-ES-u-co-trad\">\u00d3N SOCIAL:<\/span> <span lang=\"es-ES-u-co-trad\">Victoria de Pereda<\/span><\/p><p lang=\"de-DE\">NIF<span lang=\"es-ES-u-co-trad\">\/CIF:<\/span> <span lang=\"es-ES-u-co-trad\">50715603M<\/span><\/p><p lang=\"de-DE\">DIRECCI<span lang=\"es-ES-u-co-trad\">\u00d3<\/span>N POSTAL<span lang=\"es-ES-u-co-trad\">: La Rinconada 1- 2D, 28023 Madrid<\/span><\/p><p lang=\"de-DE\">DIRECCI<span lang=\"es-ES-u-co-trad\">\u00d3<\/span>N ELECTR<span lang=\"es-ES-u-co-trad\">\u00d3<\/span>NICA<span lang=\"es-ES-u-co-trad\">: vdepereda@to-dodesign.com<\/span><\/p><p lang=\"de-DE\">TEL<span lang=\"es-ES-u-co-trad\">\u00c9<\/span>FONOS<span lang=\"es-ES-u-co-trad\">:<\/span> <span lang=\"es-ES-u-co-trad\">+34 649414452<\/span><\/p><p lang=\"de-DE\">OBJETO PRINCIPAL<span lang=\"es-ES-u-co-trad\">:<\/span>\u00a0<span lang=\"es-ES-u-co-trad\">Consultor\u00eda en<\/span> <span lang=\"es-ES-u-co-trad\">Sostenibilidad, Dise\u00f1o, Innovaci\u00f3n, <\/span><\/p><p lang=\"de-DE\"><strong><span lang=\"es-ES-u-co-trad\">USUARIO Y R<\/span><span lang=\"fr-FR\">\u00c9<\/span><\/strong><span lang=\"es-ES-u-co-trad\"><strong>GIMEN DE RESPONSABILIDADES<\/strong> <\/span><\/p><p lang=\"de-DE\"><span lang=\"es-ES-u-co-trad\">La navegaci\u00f3n, acceso y uso por el sitio web de <\/span><span lang=\"es-ES-u-co-trad\">Victoria de Pereda<\/span><span lang=\"es-ES-u-co-trad\"> confiere la condici\u00f3n de usuario, por la que se aceptan, desde la navegaci\u00f3n por el sitio web de <\/span><span lang=\"es-ES-u-co-trad\">Victoria de Pereda<\/span><span lang=\"es-ES-u-co-trad\"> todas las condiciones de uso aqu<\/span>\u00ed <span lang=\"es-ES-u-co-trad\">establecidas sin perjuicio de la aplicaci\u00f3n de la correspondiente normativa de obligado cumplimiento legal seg<\/span>\u00fa<span lang=\"es-ES-u-co-trad\">n el caso. <\/span><\/p><p lang=\"de-DE\"><span lang=\"es-ES-u-co-trad\">El sitio web de <\/span><span lang=\"es-ES-u-co-trad\">Victoria de Pereda<\/span><span lang=\"es-ES-u-co-trad\"> proporciona gran diversidad de informaci\u00f3n, servicios y datos. El usuario asume su responsabilidad en el uso correcto del sitio web. Esta responsabilidad se extender<\/span>\u00e1 a:<\/p><ul><li><ul><li><p lang=\"de-DE\"><span lang=\"es-ES-u-co-trad\">La veracidad y licitud de las informaciones aportadas por el usuario en los formularios extendidos por <\/span><span lang=\"es-ES-u-co-trad\">Victoria de Pereda<\/span><span lang=\"es-ES-u-co-trad\"> para el acceso a ciertos contenidos o servicios ofrecidos por el web.<\/span><\/p><\/li><li><p lang=\"de-DE\"><span lang=\"es-ES-u-co-trad\">El uso de la informaci\u00f3n, servicios y datos ofrecidos por <\/span><span lang=\"es-ES-u-co-trad\">Victoria de Pereda<\/span><span lang=\"es-ES-u-co-trad\"> contrariamente a lo dispuesto por las presentes condiciones, la Ley, la moral, las buenas costumbres o el orden p<\/span>\u00fa<span lang=\"es-ES-u-co-trad\">blico, o que de cualquier otro modo puedan suponer lesi\u00f3n de los derechos de terceros o del mismo funcionamiento del sitio web.<\/span><\/p><\/li><\/ul><\/li><\/ul><p lang=\"de-DE\"><strong>POL\u00cd<\/strong><span lang=\"es-ES-u-co-trad\"><strong>TICA DE ENLACES Y EXENCIONES DE RESPONSABILIDAD<\/strong> <\/span><\/p><p lang=\"de-DE\"><span lang=\"es-ES-u-co-trad\">Victoria de Pereda<\/span><span lang=\"es-ES-u-co-trad\"> no se hace responsable del contenido de los sitios web a los que el usuario pueda acceder a trav<\/span><span lang=\"fr-FR\">\u00e9<\/span><span lang=\"es-ES-u-co-trad\">s de los enlaces establecidos en su sitio web y declara que en ning<\/span>\u00fa<span lang=\"it-IT\">n caso proceder<\/span>\u00e1 <span lang=\"es-ES-u-co-trad\">a examinar o ejercitar ning<\/span>\u00fa<span lang=\"es-ES-u-co-trad\">n tipo de control sobre el contenido de otros sitios de la red. Asimismo, tampoco garantizar<\/span>\u00e1 <span lang=\"es-ES-u-co-trad\">la disponibilidad t<\/span><span lang=\"fr-FR\">\u00e9<\/span><span lang=\"es-ES-u-co-trad\">cnica, exactitud, veracidad, validez o legalidad de sitios ajenos a su propiedad a los que se pueda acceder por medio de los enlaces.<\/span><\/p><p lang=\"de-DE\"><span lang=\"es-ES-u-co-trad\">Victoria de Pereda<\/span><span lang=\"es-ES-u-co-trad\"> declara haber adoptado todas las medidas necesarias para evitar cualquier da\u00f1o a los usuarios de su sitio web, que pudieran derivarse de la navegaci\u00f3n por su sitio web. En consecuencia, <\/span><span lang=\"es-ES-u-co-trad\">Victoria de Pereda<\/span><span lang=\"es-ES-u-co-trad\"> no se hace responsable, en ning<\/span>\u00fa<span lang=\"es-ES-u-co-trad\">n caso, de los eventuales da\u00f1os que por la navegaci\u00f3n por Internet pudiera sufrir el usuario. <\/span><\/p><p lang=\"de-DE\"><strong><span lang=\"es-ES-u-co-trad\"><span lang=\"de-DE\">MODIFICACIONES<\/span><\/span><\/strong><\/p><p lang=\"de-DE\"><span lang=\"es-ES-u-co-trad\">Victoria de Pereda<\/span><span lang=\"es-ES-u-co-trad\"> se reserva el derecho a realizar las modificaciones que considere oportunas, sin aviso previo, en el contenido de su sitio web. Tanto en lo referente a los contenidos del sitio web, como en las condiciones de uso del mismo, o en las condiciones generales de contrataci\u00f3n. Dichas modificaciones podr<\/span>\u00e1<span lang=\"es-ES-u-co-trad\">n realizarse a trav<\/span><span lang=\"fr-FR\">\u00e9<\/span><span lang=\"es-ES-u-co-trad\">s de su sitio web por cualquier forma admisible en derecho y ser<\/span>\u00e1<span lang=\"es-ES-u-co-trad\">n de obligado cumplimiento durante el tiempo en que se encuentren publicadas en el web y hasta que no sean modificadas v<\/span>\u00e1<span lang=\"es-ES-u-co-trad\">lidamente por otras posteriores. <\/span><\/p><p lang=\"de-DE\"><strong>PROPIEDAD INTELECTUAL E INDUSTRIAL<\/strong><\/p><p lang=\"de-DE\"><span lang=\"es-ES-u-co-trad\">Victoria de Pereda<\/span><span lang=\"es-ES-u-co-trad\"> por s<\/span>\u00ed <span lang=\"es-ES-u-co-trad\">misma o como cesionaria, es titular de todos los derechos de propiedad intelectual e industrial de su p<\/span>\u00e1<span lang=\"es-ES\">gina web, as<\/span>\u00ed <span lang=\"es-ES-u-co-trad\">como de los elementos contenidos en la misma (a t<\/span>\u00ed<span lang=\"pt-PT\">tulo enunciativo, im<\/span>\u00e1<span lang=\"es-ES-u-co-trad\">genes, sonido, audio, v<\/span>\u00ed<span lang=\"es-ES-u-co-trad\">deo, software o textos; marcas o logotipos, combinaciones de colores, estructura y dise\u00f1o, selecci\u00f3n de materiales usados, programas de ordenador necesarios para su funcionamiento, acceso y uso, etc.), titularidad de <\/span><span lang=\"es-ES-u-co-trad\">Victoria de Pereda<\/span><\/p><p lang=\"de-DE\">Ser\u00e1<span lang=\"es-ES-u-co-trad\">n, por consiguiente, obras protegidas como propiedad intelectual por el ordenamiento jur<\/span>\u00ed<span lang=\"es-ES-u-co-trad\">dico espa\u00f1<\/span><span lang=\"da-DK\">ol, si<\/span><span lang=\"fr-FR\">\u00e9<\/span><span lang=\"es-ES-u-co-trad\">ndoles aplicables tanto la normativa espa\u00f1ola y comunitaria en este campo, como los tratados internacionales relativos a la materia y suscritos por Espa\u00f1<\/span><span lang=\"it-IT\">a. <\/span><\/p><p lang=\"de-DE\"><span lang=\"es-ES-u-co-trad\">Todos los derechos reservados. En virtud de lo dispuesto en la Ley de Propiedad Intelectual, quedan expresamente prohibidas la reproducci\u00f3<\/span><span lang=\"it-IT\">n, la distribuci<\/span><span lang=\"es-ES-u-co-trad\">\u00f3n y la comunicaci\u00f3<\/span>n p\u00fa<span lang=\"es-ES-u-co-trad\">blica, incluida su modalidad de puesta a disposici\u00f3n, de la totalidad o parte de los contenidos de esta p<\/span>\u00e1<span lang=\"es-ES-u-co-trad\">gina web, con fines comerciales, en cualquier soporte y por cualquier medio t<\/span><span lang=\"fr-FR\">\u00e9<\/span><span lang=\"es-ES-u-co-trad\">cnico, sin la autorizaci\u00f3<\/span><span lang=\"nl-NL\">n de <\/span><span lang=\"es-ES-u-co-trad\">Victoria de Pereda<\/span><\/p><p lang=\"de-DE\"><span lang=\"es-ES-u-co-trad\">El usuario se compromete a respetar los derechos de Propiedad Intelectual e Industrial titularidad de <\/span><span lang=\"es-ES-u-co-trad\">Victoria de Pereda<\/span><span lang=\"es-ES-u-co-trad\">. <\/span>Podr\u00e1 <span lang=\"es-ES-u-co-trad\">visualizar los elementos del portal e incluso imprimirlos, copiarlos y almacenarlos en el disco duro de su ordenador o en cualquier otro soporte f<\/span>\u00ed<span lang=\"es-ES-u-co-trad\">sico siempre y cuando sea, <\/span>\u00fa<span lang=\"es-ES-u-co-trad\">nica y exclusivamente, para su uso personal y privado. El usuario deber<\/span>\u00e1 <span lang=\"es-ES-u-co-trad\">abstenerse de suprimir, alterar, eludir o manipular cualquier dispositivo de protecci\u00f3n o sistema de seguridad que estuviera instalado en las p<\/span>\u00e1<span lang=\"pt-PT\">ginas de <\/span><span lang=\"es-ES-u-co-trad\">Victoria de Pereda<\/span><\/p><p lang=\"de-DE\"><strong>CERTIFICADO SSL (SECURE SOCKETS LAYER)<\/strong><\/p><p lang=\"de-DE\"><span lang=\"es-ES-u-co-trad\">El CERTIFICADO SSL proporciona autenticaci\u00f3n, privacidad y seguridad de la informaci\u00f3<\/span><span lang=\"fr-FR\">n entre RPV <\/span><span lang=\"es-ES-u-co-trad\">Victoria de Pereda<\/span><span lang=\"es-ES-u-co-trad\"> y el usuario. <\/span><\/p><p lang=\"de-DE\"><span lang=\"es-ES-u-co-trad\">Victoria de Pereda<\/span><span lang=\"es-ES-u-co-trad\"> dispone de un certificado de seguridad que se utiliza por CERTIFICADO SSL para realizar conexiones seguras. <\/span><\/p><p lang=\"de-DE\"><span lang=\"es-ES-u-co-trad\">En este proceso se establecen varios par<\/span>\u00e1<span lang=\"es-ES-u-co-trad\">metros para realizar la conexi\u00f3n de forma segura y se establece usando llaves preestablecidas, codificando y descodificando todos los datos enviados hasta que la conexi\u00f3n sea cerrada. <\/span><\/p><p lang=\"de-DE\"><strong><span lang=\"pt-PT\">ACCIONES LEGALES, LEGISLACI<\/span>\u00d3<span lang=\"es-ES-u-co-trad\">N APLICABLE Y JURISDICCI<\/span>\u00d3N<\/strong><\/p><p lang=\"de-DE\"><span lang=\"es-ES-u-co-trad\">Victoria de Pereda<\/span><span lang=\"es-ES-u-co-trad\"> se reserva, asimismo, la facultad de presentar las acciones civiles o penales que considere oportunas por la utilizaci\u00f3n indebida de su sitio web y contenidos, o por el incumplimiento de las presentes condiciones. <\/span><\/p><p lang=\"de-DE\"><span lang=\"es-ES-u-co-trad\">La relaci\u00f3n entre el usuario y el prestador se regir<\/span>\u00e1 <span lang=\"es-ES-u-co-trad\">por la normativa vigente y de aplicaci\u00f3n en el territorio espa\u00f1ol. De surgir cualquier controversia las partes podr<\/span>\u00e1<span lang=\"es-ES-u-co-trad\">n someter sus conflictos a arbitraje o acudir a la jurisdicci\u00f3n ordinaria cumpliendo con las normas sobre jurisdicci\u00f3n y competencia al respecto. <\/span><span lang=\"es-ES-u-co-trad\">Victoria de Pereda<\/span><span lang=\"es-ES-u-co-trad\"> tiene su domicilio en La Rinconada 1- 2D, 28023 Madrid<\/span><\/p><p lang=\"de-DE\"><span lang=\"es-ES-u-co-trad\">Los contratos celebrados por v<\/span>\u00ed<span lang=\"es-ES-u-co-trad\">a electr\u00f3nica en los que intervenga como parte un consumidor se presumir<\/span>\u00e1<span lang=\"es-ES-u-co-trad\">n celebrados en el lugar en que <\/span><span lang=\"fr-FR\">\u00e9<\/span><span lang=\"es-ES-u-co-trad\">ste tenga su residencia habitual. <\/span><\/p><p lang=\"de-DE\"><span lang=\"es-ES-u-co-trad\">Los contratos electr\u00f3nicos entre empresarios o profesionales, en defecto de pacto entre las partes, se presumir<\/span>\u00e1<span lang=\"es-ES-u-co-trad\">n celebrados en el lugar en que est<\/span><span lang=\"fr-FR\">\u00e9 <\/span><span lang=\"es-ES-u-co-trad\">establecido el prestador de servicios. <\/span><\/p><p lang=\"de-DE\"><span lang=\"pt-PT\">Resoluci<\/span><span lang=\"es-ES-u-co-trad\">\u00f3n de litigios en l<\/span>\u00ed<span lang=\"it-IT\">nea conforme al Art. 14.1 del Reglamento (UE) 524\/2013: La Comisi<\/span><span lang=\"es-ES-u-co-trad\">\u00f3n Europea facilita una plataforma de resoluci\u00f3n de litigios en l<\/span>\u00ed<span lang=\"es-ES-u-co-trad\">nea, la cual se encuentra disponible en el siguiente enlace: https:\/\/ec.europa.eu\/consumers\/odr\/ <\/span><\/p><p lang=\"de-DE\">\u00daLTIMA ACTUALIZACI\u00d3N: <span lang=\"es-ES-u-co-trad\">20\/12\/2023 <\/span><\/p>\t\t\t\t\t\t<\/div>\n\t\t\t\t<\/div>\n\t\t\t\t\t<\/div>\n\t\t<\/div>\n\t\t\t\t\t\t\t<\/div>\n\t\t<\/section>\n\t\t\t\t\t\t\t<\/div>\n\t\t","protected":false},"excerpt":{"rendered":"<p>INTRODUCCI\u00d3N En cumplimiento de la Ley 34\/2002, de 11 de julio, de Servicios de la Sociedad de la Informaci\u00f3n y de Comercio Electr\u00f3nico (LSSI-CE), Victoria de Pereda informa que es titular del sitio web. De acuerdo con la exigencia del art\u00edculo 10 de la citada Ley, Victoria de Pereda informa de los siguientes datos: RAZ\u00d3N [&hellip;]<\/p>\n","protected":false},"author":1,"featured_media":0,"parent":0,"menu_order":0,"comment_status":"closed","ping_status":"closed","template":"","meta":{"footnotes":""},"class_list":["post-1672","page","type-page","status-publish","hentry"],"acf":[],"yoast_head":"<!-- This site is optimized with the Yoast SEO plugin v21.9.1 - https:\/\/yoast.com\/wordpress\/plugins\/seo\/ -->\n<title>Legal notice - To Dodesign<\/title>\n<meta name=\"robots\" content=\"index, follow, max-snippet:-1, max-image-preview:large, max-video-preview:-1\" \/>\n<link rel=\"canonical\" href=\"https:\/\/to-dodesign.com\/en\/legal-notice\/\" \/>\n<meta property=\"og:locale\" content=\"en_US\" \/>\n<meta property=\"og:type\" content=\"article\" \/>\n<meta property=\"og:title\" content=\"Legal notice - To Dodesign\" \/>\n<meta property=\"og:description\" content=\"INTRODUCCI\u00d3N En cumplimiento de la Ley 34\/2002, de 11 de julio, de Servicios de la Sociedad de la Informaci\u00f3n y de Comercio Electr\u00f3nico (LSSI-CE), Victoria de Pereda informa que es titular del sitio web. De acuerdo con la exigencia del art\u00edculo 10 de la citada Ley, Victoria de Pereda informa de los siguientes datos: RAZ\u00d3N [&hellip;]\" \/>\n<meta property=\"og:url\" content=\"https:\/\/to-dodesign.com\/en\/legal-notice\/\" \/>\n<meta property=\"og:site_name\" content=\"To Dodesign\" \/>\n<meta property=\"article:modified_time\" content=\"2024-04-05T11:11:40+00:00\" \/>\n<meta property=\"og:image\" content=\"https:\/\/to-dodesign.com\/wp-content\/uploads\/2024\/03\/vp.png\" \/>\n\t<meta property=\"og:image:width\" content=\"1200\" \/>\n\t<meta property=\"og:image:height\" content=\"548\" \/>\n\t<meta property=\"og:image:type\" content=\"image\/png\" \/>\n<meta name=\"twitter:card\" content=\"summary_large_image\" \/>\n<meta name=\"twitter:label1\" content=\"Est. reading time\" \/>\n\t<meta name=\"twitter:data1\" content=\"5 minutes\" \/>\n<script type=\"application\/ld+json\" class=\"yoast-schema-graph\">{\"@context\":\"https:\/\/schema.org\",\"@graph\":[{\"@type\":\"WebPage\",\"@id\":\"https:\/\/to-dodesign.com\/en\/legal-notice\/\",\"url\":\"https:\/\/to-dodesign.com\/en\/legal-notice\/\",\"name\":\"Legal notice - To Dodesign\",\"isPartOf\":{\"@id\":\"https:\/\/to-dodesign.com\/#website\"},\"datePublished\":\"2024-01-26T17:51:20+00:00\",\"dateModified\":\"2024-04-05T11:11:40+00:00\",\"breadcrumb\":{\"@id\":\"https:\/\/to-dodesign.com\/en\/legal-notice\/#breadcrumb\"},\"inLanguage\":\"en-US\",\"potentialAction\":[{\"@type\":\"ReadAction\",\"target\":[\"https:\/\/to-dodesign.com\/en\/legal-notice\/\"]}]},{\"@type\":\"BreadcrumbList\",\"@id\":\"https:\/\/to-dodesign.com\/en\/legal-notice\/#breadcrumb\",\"itemListElement\":[{\"@type\":\"ListItem\",\"position\":1,\"name\":\"Portada\",\"item\":\"https:\/\/to-dodesign.com\/en\/\"},{\"@type\":\"ListItem\",\"position\":2,\"name\":\"Legal notice\"}]},{\"@type\":\"WebSite\",\"@id\":\"https:\/\/to-dodesign.com\/#website\",\"url\":\"https:\/\/to-dodesign.com\/\",\"name\":\"To Dodesign\",\"description\":\"To Dodesign es una plataforma de consultor\u00eda y educaci\u00f3n para el desarrollo sostenible\",\"publisher\":{\"@id\":\"https:\/\/to-dodesign.com\/#organization\"},\"alternateName\":\"To Dodesign Sustainability & Innovation\",\"potentialAction\":[{\"@type\":\"SearchAction\",\"target\":{\"@type\":\"EntryPoint\",\"urlTemplate\":\"https:\/\/to-dodesign.com\/?s={search_term_string}\"},\"query-input\":\"required name=search_term_string\"}],\"inLanguage\":\"en-US\"},{\"@type\":\"Organization\",\"@id\":\"https:\/\/to-dodesign.com\/#organization\",\"name\":\"To Dodesign\",\"url\":\"https:\/\/to-dodesign.com\/\",\"logo\":{\"@type\":\"ImageObject\",\"inLanguage\":\"en-US\",\"@id\":\"https:\/\/to-dodesign.com\/#\/schema\/logo\/image\/\",\"url\":\"https:\/\/to-dodesign.com\/wp-content\/uploads\/2024\/01\/To-Do_design.png\",\"contentUrl\":\"https:\/\/to-dodesign.com\/wp-content\/uploads\/2024\/01\/To-Do_design.png\",\"width\":336,\"height\":107,\"caption\":\"To Dodesign\"},\"image\":{\"@id\":\"https:\/\/to-dodesign.com\/#\/schema\/logo\/image\/\"}}]}<\/script>\n<!-- \/ Yoast SEO plugin. -->","yoast_head_json":{"title":"Legal notice - To Dodesign","robots":{"index":"index","follow":"follow","max-snippet":"max-snippet:-1","max-image-preview":"max-image-preview:large","max-video-preview":"max-video-preview:-1"},"canonical":"https:\/\/to-dodesign.com\/en\/legal-notice\/","og_locale":"en_US","og_type":"article","og_title":"Legal notice - To Dodesign","og_description":"INTRODUCCI\u00d3N En cumplimiento de la Ley 34\/2002, de 11 de julio, de Servicios de la Sociedad de la Informaci\u00f3n y de Comercio Electr\u00f3nico (LSSI-CE), Victoria de Pereda informa que es titular del sitio web. De acuerdo con la exigencia del art\u00edculo 10 de la citada Ley, Victoria de Pereda informa de los siguientes datos: RAZ\u00d3N [&hellip;]","og_url":"https:\/\/to-dodesign.com\/en\/legal-notice\/","og_site_name":"To Dodesign","article_modified_time":"2024-04-05T11:11:40+00:00","og_image":[{"width":1200,"height":548,"url":"https:\/\/to-dodesign.com\/wp-content\/uploads\/2024\/03\/vp.png","type":"image\/png"}],"twitter_card":"summary_large_image","twitter_misc":{"Est. reading time":"5 minutes"},"schema":{"@context":"https:\/\/schema.org","@graph":[{"@type":"WebPage","@id":"https:\/\/to-dodesign.com\/en\/legal-notice\/","url":"https:\/\/to-dodesign.com\/en\/legal-notice\/","name":"Legal notice - To Dodesign","isPartOf":{"@id":"https:\/\/to-dodesign.com\/#website"},"datePublished":"2024-01-26T17:51:20+00:00","dateModified":"2024-04-05T11:11:40+00:00","breadcrumb":{"@id":"https:\/\/to-dodesign.com\/en\/legal-notice\/#breadcrumb"},"inLanguage":"en-US","potentialAction":[{"@type":"ReadAction","target":["https:\/\/to-dodesign.com\/en\/legal-notice\/"]}]},{"@type":"BreadcrumbList","@id":"https:\/\/to-dodesign.com\/en\/legal-notice\/#breadcrumb","itemListElement":[{"@type":"ListItem","position":1,"name":"Portada","item":"https:\/\/to-dodesign.com\/en\/"},{"@type":"ListItem","position":2,"name":"Legal notice"}]},{"@type":"WebSite","@id":"https:\/\/to-dodesign.com\/#website","url":"https:\/\/to-dodesign.com\/","name":"To Dodesign","description":"To Dodesign es una plataforma de consultor\u00eda y educaci\u00f3n para el desarrollo sostenible","publisher":{"@id":"https:\/\/to-dodesign.com\/#organization"},"alternateName":"To Dodesign Sustainability & Innovation","potentialAction":[{"@type":"SearchAction","target":{"@type":"EntryPoint","urlTemplate":"https:\/\/to-dodesign.com\/?s={search_term_string}"},"query-input":"required name=search_term_string"}],"inLanguage":"en-US"},{"@type":"Organization","@id":"https:\/\/to-dodesign.com\/#organization","name":"To Dodesign","url":"https:\/\/to-dodesign.com\/","logo":{"@type":"ImageObject","inLanguage":"en-US","@id":"https:\/\/to-dodesign.com\/#\/schema\/logo\/image\/","url":"https:\/\/to-dodesign.com\/wp-content\/uploads\/2024\/01\/To-Do_design.png","contentUrl":"https:\/\/to-dodesign.com\/wp-content\/uploads\/2024\/01\/To-Do_design.png","width":336,"height":107,"caption":"To Dodesign"},"image":{"@id":"https:\/\/to-dodesign.com\/#\/schema\/logo\/image\/"}}]}},"_links":{"self":[{"href":"https:\/\/to-dodesign.com\/en\/wp-json\/wp\/v2\/pages\/1672","targetHints":{"allow":["GET"]}}],"collection":[{"href":"https:\/\/to-dodesign.com\/en\/wp-json\/wp\/v2\/pages"}],"about":[{"href":"https:\/\/to-dodesign.com\/en\/wp-json\/wp\/v2\/types\/page"}],"author":[{"embeddable":true,"href":"https:\/\/to-dodesign.com\/en\/wp-json\/wp\/v2\/users\/1"}],"replies":[{"embeddable":true,"href":"https:\/\/to-dodesign.com\/en\/wp-json\/wp\/v2\/comments?post=1672"}],"version-history":[{"count":2,"href":"https:\/\/to-dodesign.com\/en\/wp-json\/wp\/v2\/pages\/1672\/revisions"}],"predecessor-version":[{"id":1675,"href":"https:\/\/to-dodesign.com\/en\/wp-json\/wp\/v2\/pages\/1672\/revisions\/1675"}],"wp:attachment":[{"href":"https:\/\/to-dodesign.com\/en\/wp-json\/wp\/v2\/media?parent=1672"}],"curies":[{"name":"wp","href":"https:\/\/api.w.org\/{rel}","templated":true}]}}